{"id":975,"date":"2023-07-05T16:26:53","date_gmt":"2023-07-05T16:26:53","guid":{"rendered":"https:\/\/supreme-kits.com\/?post_type=product&#038;p=975"},"modified":"2023-07-30T11:15:28","modified_gmt":"2023-07-30T11:15:28","slug":"almaaz-free-kit","status":"publish","type":"product","link":"https:\/\/supreme-kits.com\/en\/product\/almaaz-free-kit","title":{"rendered":"Almaaz (Free Drum Collection)"},"content":{"rendered":"<p><strong>\u00ab\u00a0ALMAAZ\u00a0\u00bb &#8211;\u00a0 Free Drum Collection <\/strong>created by <strong>FAUKS<\/strong>. is a collection of over 77 Drum One-Shots designed to build rhythms like : <strong>\u00a0Lil Baby, Roddy Ricch, Rod Waves, NBA Youngboy, Lil Tjay<\/strong>\u00a0and others...<\/p>\n<p>&nbsp;<\/p>\n<p>Inside, you'll find <strong>One-Shots<\/strong> including <strong>808s<\/strong>, <strong>Cymbals<\/strong>, <strong>Claps<\/strong>, \u00a0<strong>Hi-Hats<\/strong>, \u00a0<strong>Kicks<\/strong>, <strong>Open Hats<\/strong>, <strong>Percs<\/strong>, <strong>Snaps<\/strong>, and <strong>Snares<\/strong>You can use these to create new rhythms. Load them into the sampler of your choice and create an infinite number of drum loops.<\/p>\n<p>&nbsp;<\/p>\n<p>All drum samples are provided in 32-bit quality to give you warm sounds with the best possible dynamics.<\/p>\n<p>&nbsp;<\/p>\n<p>Equip your sound library with <strong>ALMAAZ \u2013 Free Drum Collection<\/strong> to have the best quality for your productions!<\/p>\n<p>&nbsp;<\/p>\n<p><strong>PRODUCT DETAILS:<\/strong>:<\/p>\n<p>&nbsp;<\/p>\n<p>\u2022\u00a0 77 One-Shots<br \/>\n\u2022\u00a0 808 X7<br \/>\n\u2022\u00a0 CLAP X10<br \/>\n\u2022\u00a0 CYMBAL X10<br \/>\n\u2022\u00a0 HI HAT X8<br \/>\n\u2022\u00a0 KICK X5<br \/>\n\u2022\u00a0 OPEN HAT X12<br \/>\n\u2022\u00a0 PERC X15<br \/>\n\u2022\u00a0 SNAP X4<br \/>\n\u2022\u00a0 SNARE X6<\/p>\n<p>&nbsp;<\/p>\n<p>WAV quality 44.1 kHz \/ 32 bit<\/p>\n<p>&nbsp;<\/p>\n<p>100% Royalty Free<\/p>\n<p>&nbsp;<\/p>\n<p>Taille : 22 Mo (d\u00e9compress\u00e9)<\/p>","protected":false},"excerpt":{"rendered":"<p>\u00ab\u00a0ALMAAZ\u00a0\u00bb &#8211;\u00a0 Free Drum Collection cr\u00e9er par FAUKS. est une collection de plus de 77 Drum One-Shots destin\u00e9s \u00e0 construire des rythme comme : \u00a0Lil Baby, Roddy Ricch, Rod Waves, NBA Youngboy, Lil Tjay\u00a0et d&rsquo;autres&#8230; &nbsp; \u00c0 l&rsquo;int\u00e9rieur, vous trouverez des One-Shots comprenant 808s, Cymbals, Claps, \u00a0Hi-Hats, \u00a0Kicks, Open Hats, Percs, Snaps, \u00a0et Snares, vous [&hellip;]<\/p>","protected":false},"featured_media":976,"comment_status":"open","ping_status":"closed","template":"","meta":[],"product_brand":[],"product_cat":[24],"product_tag":[36],"class_list":{"0":"post-975","1":"product","2":"type-product","3":"status-publish","4":"has-post-thumbnail","6":"product_cat-free-kits","7":"product_tag-almaaz","9":"entry","10":"has-media","12":"first","13":"instock","14":"downloadable","15":"virtual","16":"purchasable","17":"product-type-simple","18":"has-product-nav","19":"col","20":"span_1_of_3","21":"owp-content-center","22":"owp-thumbs-layout-horizontal","23":"owp-btn-normal","24":"owp-tabs-layout-horizontal","25":"has-no-thumbnails"},"yoast_head":"<!-- This site is optimized with the Yoast SEO plugin v26.3 - https:\/\/yoast.com\/wordpress\/plugins\/seo\/ -->\n<title>Almaaz (Free Drum Collection) - Supreme Kits<\/title>\n<meta name=\"robots\" content=\"index, follow, max-snippet:-1, max-image-preview:large, max-video-preview:-1\" \/>\n<link rel=\"canonical\" href=\"https:\/\/supreme-kits.com\/en\/product\/almaaz-free-kit\/\" \/>\n<meta property=\"og:locale\" content=\"en_US\" \/>\n<meta property=\"og:type\" content=\"article\" \/>\n<meta property=\"og:title\" content=\"Almaaz (Free Drum Collection) - Supreme Kits\" \/>\n<meta property=\"og:description\" content=\"\u00ab\u00a0ALMAAZ\u00a0\u00bb &#8211;\u00a0 Free Drum Collection cr\u00e9er par FAUKS. est une collection de plus de 77 Drum One-Shots destin\u00e9s \u00e0 construire des rythme comme : \u00a0Lil Baby, Roddy Ricch, Rod Waves, NBA Youngboy, Lil Tjay\u00a0et d&rsquo;autres&#8230; &nbsp; \u00c0 l&rsquo;int\u00e9rieur, vous trouverez des One-Shots comprenant 808s, Cymbals, Claps, \u00a0Hi-Hats, \u00a0Kicks, Open Hats, Percs, Snaps, \u00a0et Snares, vous [&hellip;]\" \/>\n<meta property=\"og:url\" content=\"https:\/\/supreme-kits.com\/en\/product\/almaaz-free-kit\/\" \/>\n<meta property=\"og:site_name\" content=\"Supreme Kits\" \/>\n<meta property=\"article:modified_time\" content=\"2023-07-30T11:15:28+00:00\" \/>\n<meta property=\"og:image\" content=\"https:\/\/supreme-kits.com\/wp-content\/uploads\/2023\/07\/almaaz-test.png\" \/>\n\t<meta property=\"og:image:width\" content=\"2000\" \/>\n\t<meta property=\"og:image:height\" content=\"1750\" \/>\n\t<meta property=\"og:image:type\" content=\"image\/png\" \/>\n<meta name=\"twitter:card\" content=\"summary_large_image\" \/>\n<meta name=\"twitter:label1\" content=\"Est. reading time\" \/>\n\t<meta name=\"twitter:data1\" content=\"1 minute\" \/>\n<script type=\"application\/ld+json\" class=\"yoast-schema-graph\">{\"@context\":\"https:\/\/schema.org\",\"@graph\":[{\"@type\":\"WebPage\",\"@id\":\"https:\/\/supreme-kits.com\/produit\/almaaz-free-kit\",\"url\":\"https:\/\/supreme-kits.com\/produit\/almaaz-free-kit\",\"name\":\"Almaaz (Free Drum Collection) - Supreme Kits\",\"isPartOf\":{\"@id\":\"https:\/\/supreme-kits.com\/#website\"},\"primaryImageOfPage\":{\"@id\":\"https:\/\/supreme-kits.com\/produit\/almaaz-free-kit#primaryimage\"},\"image\":{\"@id\":\"https:\/\/supreme-kits.com\/produit\/almaaz-free-kit#primaryimage\"},\"thumbnailUrl\":\"https:\/\/i0.wp.com\/supreme-kits.com\/wp-content\/uploads\/2023\/07\/almaaz-test.png?fit=2000%2C1750&ssl=1\",\"datePublished\":\"2023-07-05T16:26:53+00:00\",\"dateModified\":\"2023-07-30T11:15:28+00:00\",\"breadcrumb\":{\"@id\":\"https:\/\/supreme-kits.com\/produit\/almaaz-free-kit#breadcrumb\"},\"inLanguage\":\"en-US\",\"potentialAction\":[{\"@type\":\"ReadAction\",\"target\":[\"https:\/\/supreme-kits.com\/produit\/almaaz-free-kit\"]}]},{\"@type\":\"ImageObject\",\"inLanguage\":\"en-US\",\"@id\":\"https:\/\/supreme-kits.com\/produit\/almaaz-free-kit#primaryimage\",\"url\":\"https:\/\/i0.wp.com\/supreme-kits.com\/wp-content\/uploads\/2023\/07\/almaaz-test.png?fit=2000%2C1750&ssl=1\",\"contentUrl\":\"https:\/\/i0.wp.com\/supreme-kits.com\/wp-content\/uploads\/2023\/07\/almaaz-test.png?fit=2000%2C1750&ssl=1\",\"width\":2000,\"height\":1750},{\"@type\":\"BreadcrumbList\",\"@id\":\"https:\/\/supreme-kits.com\/produit\/almaaz-free-kit#breadcrumb\",\"itemListElement\":[{\"@type\":\"ListItem\",\"position\":1,\"name\":\"Accueil\",\"item\":\"https:\/\/supreme-kits.com\/\"},{\"@type\":\"ListItem\",\"position\":2,\"name\":\"Boutique\",\"item\":\"https:\/\/supreme-kits.com\/boutique\"},{\"@type\":\"ListItem\",\"position\":3,\"name\":\"Almaaz (Free Drum Collection)\"}]},{\"@type\":\"WebSite\",\"@id\":\"https:\/\/supreme-kits.com\/#website\",\"url\":\"https:\/\/supreme-kits.com\/\",\"name\":\"Supreme Kits\",\"description\":\"\",\"potentialAction\":[{\"@type\":\"SearchAction\",\"target\":{\"@type\":\"EntryPoint\",\"urlTemplate\":\"https:\/\/supreme-kits.com\/?s={search_term_string}\"},\"query-input\":{\"@type\":\"PropertyValueSpecification\",\"valueRequired\":true,\"valueName\":\"search_term_string\"}}],\"inLanguage\":\"en-US\"}]}<\/script>\n<!-- \/ Yoast SEO plugin. -->","yoast_head_json":{"title":"Almaaz (Free Drum Collection) - Supreme Kits","robots":{"index":"index","follow":"follow","max-snippet":"max-snippet:-1","max-image-preview":"max-image-preview:large","max-video-preview":"max-video-preview:-1"},"canonical":"https:\/\/supreme-kits.com\/en\/product\/almaaz-free-kit\/","og_locale":"en_US","og_type":"article","og_title":"Almaaz (Free Drum Collection) - Supreme Kits","og_description":"\u00ab\u00a0ALMAAZ\u00a0\u00bb &#8211;\u00a0 Free Drum Collection cr\u00e9er par FAUKS. est une collection de plus de 77 Drum One-Shots destin\u00e9s \u00e0 construire des rythme comme : \u00a0Lil Baby, Roddy Ricch, Rod Waves, NBA Youngboy, Lil Tjay\u00a0et d&rsquo;autres&#8230; &nbsp; \u00c0 l&rsquo;int\u00e9rieur, vous trouverez des One-Shots comprenant 808s, Cymbals, Claps, \u00a0Hi-Hats, \u00a0Kicks, Open Hats, Percs, Snaps, \u00a0et Snares, vous [&hellip;]","og_url":"https:\/\/supreme-kits.com\/en\/product\/almaaz-free-kit\/","og_site_name":"Supreme Kits","article_modified_time":"2023-07-30T11:15:28+00:00","og_image":[{"width":2000,"height":1750,"url":"https:\/\/supreme-kits.com\/wp-content\/uploads\/2023\/07\/almaaz-test.png","type":"image\/png"}],"twitter_card":"summary_large_image","twitter_misc":{"Est. reading time":"1 minute"},"schema":{"@context":"https:\/\/schema.org","@graph":[{"@type":"WebPage","@id":"https:\/\/supreme-kits.com\/produit\/almaaz-free-kit","url":"https:\/\/supreme-kits.com\/produit\/almaaz-free-kit","name":"Almaaz (Free Drum Collection) - Supreme Kits","isPartOf":{"@id":"https:\/\/supreme-kits.com\/#website"},"primaryImageOfPage":{"@id":"https:\/\/supreme-kits.com\/produit\/almaaz-free-kit#primaryimage"},"image":{"@id":"https:\/\/supreme-kits.com\/produit\/almaaz-free-kit#primaryimage"},"thumbnailUrl":"https:\/\/i0.wp.com\/supreme-kits.com\/wp-content\/uploads\/2023\/07\/almaaz-test.png?fit=2000%2C1750&ssl=1","datePublished":"2023-07-05T16:26:53+00:00","dateModified":"2023-07-30T11:15:28+00:00","breadcrumb":{"@id":"https:\/\/supreme-kits.com\/produit\/almaaz-free-kit#breadcrumb"},"inLanguage":"en-US","potentialAction":[{"@type":"ReadAction","target":["https:\/\/supreme-kits.com\/produit\/almaaz-free-kit"]}]},{"@type":"ImageObject","inLanguage":"en-US","@id":"https:\/\/supreme-kits.com\/produit\/almaaz-free-kit#primaryimage","url":"https:\/\/i0.wp.com\/supreme-kits.com\/wp-content\/uploads\/2023\/07\/almaaz-test.png?fit=2000%2C1750&ssl=1","contentUrl":"https:\/\/i0.wp.com\/supreme-kits.com\/wp-content\/uploads\/2023\/07\/almaaz-test.png?fit=2000%2C1750&ssl=1","width":2000,"height":1750},{"@type":"BreadcrumbList","@id":"https:\/\/supreme-kits.com\/produit\/almaaz-free-kit#breadcrumb","itemListElement":[{"@type":"ListItem","position":1,"name":"Accueil","item":"https:\/\/supreme-kits.com\/"},{"@type":"ListItem","position":2,"name":"Boutique","item":"https:\/\/supreme-kits.com\/boutique"},{"@type":"ListItem","position":3,"name":"Almaaz (Free Drum Collection)"}]},{"@type":"WebSite","@id":"https:\/\/supreme-kits.com\/#website","url":"https:\/\/supreme-kits.com\/","name":"Supreme Kits","description":"","potentialAction":[{"@type":"SearchAction","target":{"@type":"EntryPoint","urlTemplate":"https:\/\/supreme-kits.com\/?s={search_term_string}"},"query-input":{"@type":"PropertyValueSpecification","valueRequired":true,"valueName":"search_term_string"}}],"inLanguage":"en-US"}]}},"jetpack_sharing_enabled":true,"_links":{"self":[{"href":"https:\/\/supreme-kits.com\/en\/wp-json\/wp\/v2\/product\/975","targetHints":{"allow":["GET"]}}],"collection":[{"href":"https:\/\/supreme-kits.com\/en\/wp-json\/wp\/v2\/product"}],"about":[{"href":"https:\/\/supreme-kits.com\/en\/wp-json\/wp\/v2\/types\/product"}],"replies":[{"embeddable":true,"href":"https:\/\/supreme-kits.com\/en\/wp-json\/wp\/v2\/comments?post=975"}],"wp:featuredmedia":[{"embeddable":true,"href":"https:\/\/supreme-kits.com\/en\/wp-json\/wp\/v2\/media\/976"}],"wp:attachment":[{"href":"https:\/\/supreme-kits.com\/en\/wp-json\/wp\/v2\/media?parent=975"}],"wp:term":[{"taxonomy":"product_brand","embeddable":true,"href":"https:\/\/supreme-kits.com\/en\/wp-json\/wp\/v2\/product_brand?post=975"},{"taxonomy":"product_cat","embeddable":true,"href":"https:\/\/supreme-kits.com\/en\/wp-json\/wp\/v2\/product_cat?post=975"},{"taxonomy":"product_tag","embeddable":true,"href":"https:\/\/supreme-kits.com\/en\/wp-json\/wp\/v2\/product_tag?post=975"}],"curies":[{"name":"wp","href":"https:\/\/api.w.org\/{rel}","templated":true}]}}