{"id":1316,"date":"2023-11-14T10:32:42","date_gmt":"2023-11-14T10:32:42","guid":{"rendered":"https:\/\/supreme-kits.com\/?post_type=product&#038;p=1316"},"modified":"2023-11-14T10:32:44","modified_gmt":"2023-11-14T10:32:44","slug":"orion-free-kit","status":"publish","type":"product","link":"https:\/\/supreme-kits.com\/en\/product\/orion-free-kit","title":{"rendered":"Orion (Free Drum Collection)"},"content":{"rendered":"<p><strong>\u201cORION\u201d \u2013 Free Drum Collection<\/strong> created by <strong>FAUKS.<\/strong> est une collection de plus de 60 Drum One-Shots destin\u00e9s \u00e0 construire des rythme comme : <strong>Lil Baby, Roddy Ricch, Rod Waves, NBA Youngboy, Lil Tjay<\/strong> et d\u2019autres\u2026<\/p>\n<p>&nbsp;<\/p>\n<p>\u00c0 l\u2019int\u00e9rieur, vous trouverez des <strong>One-Shots<\/strong> including <strong>808s, Cymbals, Claps, Hi-Hats, Kicks, Open Hats, Percs,<\/strong> et <strong>Snares,<\/strong> vous permettant de cr\u00e9er de nouveaux rythmes. Chargez-les dans l\u2019\u00e9chantillonneur de votre choix et cr\u00e9ez un nombre infini de boucles de batterie.<\/p>\n<p>&nbsp;<\/p>\n<p>All drum samples are provided in 32-bit quality to give you warm sounds with the best possible dynamics.<\/p>\n<p>&nbsp;<\/p>\n<p>Equip your sound library with <strong>ORION \u2013 Free Drum Collection<\/strong> to have the best quality for your productions!<\/p>\n<p>&nbsp;<\/p>\n<p><strong>D\u00c9TAILS DU PRODUIT:<\/strong><\/p>\n<p>&nbsp;<\/p>\n<p>\u2022 60 One-Shots<br \/>\n\u2022 808 X7<br \/>\n\u2022 CLAP X7<br \/>\n\u2022 CYMBAL X7<br \/>\n\u2022 HI HAT X8<br \/>\n\u2022 KICK X6<br \/>\n\u2022 OPEN HAT X8<br \/>\n\u2022 PERC X9<br \/>\n\u2022 SNARE X8<\/p>\n<p>&nbsp;<\/p>\n<p>WAV quality 44.1 kHz \/ 32 bit<\/p>\n<p>&nbsp;<\/p>\n<p>100% Royalty Free<\/p>\n<p>&nbsp;<\/p>\n<p>Taille : 16.5 Mo (d\u00e9compress\u00e9)<\/p>","protected":false},"excerpt":{"rendered":"<p>\u201cORION\u201d \u2013 Free Drum Collection cr\u00e9er par FAUKS. est une collection de plus de 60 Drum One-Shots destin\u00e9s \u00e0 construire des rythme comme : Lil Baby, Roddy Ricch, Rod Waves, NBA Youngboy, Lil Tjay et d\u2019autres\u2026 &nbsp; \u00c0 l\u2019int\u00e9rieur, vous trouverez des One-Shots comprenant 808s, Cymbals, Claps, Hi-Hats, Kicks, Open Hats, Percs, et Snares, vous [&hellip;]<\/p>","protected":false},"featured_media":1315,"comment_status":"open","ping_status":"closed","template":"","meta":[],"product_brand":[],"product_cat":[24],"product_tag":[39],"class_list":{"0":"post-1316","1":"product","2":"type-product","3":"status-publish","4":"has-post-thumbnail","6":"product_cat-free-kits","7":"product_tag-orion","9":"entry","10":"has-media","12":"first","13":"instock","14":"downloadable","15":"virtual","16":"purchasable","17":"product-type-simple","18":"has-product-nav","19":"col","20":"span_1_of_3","21":"owp-content-center","22":"owp-thumbs-layout-horizontal","23":"owp-btn-normal","24":"owp-tabs-layout-horizontal","25":"has-no-thumbnails"},"yoast_head":"<!-- This site is optimized with the Yoast SEO plugin v26.3 - https:\/\/yoast.com\/wordpress\/plugins\/seo\/ -->\n<title>Orion (Free Drum Collection) - Supreme Kits<\/title>\n<meta name=\"robots\" content=\"index, follow, max-snippet:-1, max-image-preview:large, max-video-preview:-1\" \/>\n<link rel=\"canonical\" href=\"https:\/\/supreme-kits.com\/en\/product\/orion-free-kit\/\" \/>\n<meta property=\"og:locale\" content=\"en_US\" \/>\n<meta property=\"og:type\" content=\"article\" \/>\n<meta property=\"og:title\" content=\"Orion (Free Drum Collection) - Supreme Kits\" \/>\n<meta property=\"og:description\" content=\"\u201cORION\u201d \u2013 Free Drum Collection cr\u00e9er par FAUKS. est une collection de plus de 60 Drum One-Shots destin\u00e9s \u00e0 construire des rythme comme : Lil Baby, Roddy Ricch, Rod Waves, NBA Youngboy, Lil Tjay et d\u2019autres\u2026 &nbsp; \u00c0 l\u2019int\u00e9rieur, vous trouverez des One-Shots comprenant 808s, Cymbals, Claps, Hi-Hats, Kicks, Open Hats, Percs, et Snares, vous [&hellip;]\" \/>\n<meta property=\"og:url\" content=\"https:\/\/supreme-kits.com\/en\/product\/orion-free-kit\/\" \/>\n<meta property=\"og:site_name\" content=\"Supreme Kits\" \/>\n<meta property=\"article:modified_time\" content=\"2023-11-14T10:32:44+00:00\" \/>\n<meta property=\"og:image\" content=\"https:\/\/supreme-kits.com\/wp-content\/uploads\/2023\/11\/orion-test.png\" \/>\n\t<meta property=\"og:image:width\" content=\"2000\" \/>\n\t<meta property=\"og:image:height\" content=\"1750\" \/>\n\t<meta property=\"og:image:type\" content=\"image\/png\" \/>\n<meta name=\"twitter:card\" content=\"summary_large_image\" \/>\n<meta name=\"twitter:label1\" content=\"Est. reading time\" \/>\n\t<meta name=\"twitter:data1\" content=\"1 minute\" \/>\n<script type=\"application\/ld+json\" class=\"yoast-schema-graph\">{\"@context\":\"https:\/\/schema.org\",\"@graph\":[{\"@type\":\"WebPage\",\"@id\":\"https:\/\/supreme-kits.com\/produit\/orion-free-kit\",\"url\":\"https:\/\/supreme-kits.com\/produit\/orion-free-kit\",\"name\":\"Orion (Free Drum Collection) - Supreme Kits\",\"isPartOf\":{\"@id\":\"https:\/\/supreme-kits.com\/#website\"},\"primaryImageOfPage\":{\"@id\":\"https:\/\/supreme-kits.com\/produit\/orion-free-kit#primaryimage\"},\"image\":{\"@id\":\"https:\/\/supreme-kits.com\/produit\/orion-free-kit#primaryimage\"},\"thumbnailUrl\":\"https:\/\/i0.wp.com\/supreme-kits.com\/wp-content\/uploads\/2023\/11\/orion-test.png?fit=2000%2C1750&ssl=1\",\"datePublished\":\"2023-11-14T10:32:42+00:00\",\"dateModified\":\"2023-11-14T10:32:44+00:00\",\"breadcrumb\":{\"@id\":\"https:\/\/supreme-kits.com\/produit\/orion-free-kit#breadcrumb\"},\"inLanguage\":\"en-US\",\"potentialAction\":[{\"@type\":\"ReadAction\",\"target\":[\"https:\/\/supreme-kits.com\/produit\/orion-free-kit\"]}]},{\"@type\":\"ImageObject\",\"inLanguage\":\"en-US\",\"@id\":\"https:\/\/supreme-kits.com\/produit\/orion-free-kit#primaryimage\",\"url\":\"https:\/\/i0.wp.com\/supreme-kits.com\/wp-content\/uploads\/2023\/11\/orion-test.png?fit=2000%2C1750&ssl=1\",\"contentUrl\":\"https:\/\/i0.wp.com\/supreme-kits.com\/wp-content\/uploads\/2023\/11\/orion-test.png?fit=2000%2C1750&ssl=1\",\"width\":2000,\"height\":1750},{\"@type\":\"BreadcrumbList\",\"@id\":\"https:\/\/supreme-kits.com\/produit\/orion-free-kit#breadcrumb\",\"itemListElement\":[{\"@type\":\"ListItem\",\"position\":1,\"name\":\"Accueil\",\"item\":\"https:\/\/supreme-kits.com\/\"},{\"@type\":\"ListItem\",\"position\":2,\"name\":\"Boutique\",\"item\":\"https:\/\/supreme-kits.com\/boutique\"},{\"@type\":\"ListItem\",\"position\":3,\"name\":\"Orion (Free Drum Collection)\"}]},{\"@type\":\"WebSite\",\"@id\":\"https:\/\/supreme-kits.com\/#website\",\"url\":\"https:\/\/supreme-kits.com\/\",\"name\":\"Supreme Kits\",\"description\":\"\",\"potentialAction\":[{\"@type\":\"SearchAction\",\"target\":{\"@type\":\"EntryPoint\",\"urlTemplate\":\"https:\/\/supreme-kits.com\/?s={search_term_string}\"},\"query-input\":{\"@type\":\"PropertyValueSpecification\",\"valueRequired\":true,\"valueName\":\"search_term_string\"}}],\"inLanguage\":\"en-US\"}]}<\/script>\n<!-- \/ Yoast SEO plugin. -->","yoast_head_json":{"title":"Orion (Free Drum Collection) - Supreme Kits","robots":{"index":"index","follow":"follow","max-snippet":"max-snippet:-1","max-image-preview":"max-image-preview:large","max-video-preview":"max-video-preview:-1"},"canonical":"https:\/\/supreme-kits.com\/en\/product\/orion-free-kit\/","og_locale":"en_US","og_type":"article","og_title":"Orion (Free Drum Collection) - Supreme Kits","og_description":"\u201cORION\u201d \u2013 Free Drum Collection cr\u00e9er par FAUKS. est une collection de plus de 60 Drum One-Shots destin\u00e9s \u00e0 construire des rythme comme : Lil Baby, Roddy Ricch, Rod Waves, NBA Youngboy, Lil Tjay et d\u2019autres\u2026 &nbsp; \u00c0 l\u2019int\u00e9rieur, vous trouverez des One-Shots comprenant 808s, Cymbals, Claps, Hi-Hats, Kicks, Open Hats, Percs, et Snares, vous [&hellip;]","og_url":"https:\/\/supreme-kits.com\/en\/product\/orion-free-kit\/","og_site_name":"Supreme Kits","article_modified_time":"2023-11-14T10:32:44+00:00","og_image":[{"width":2000,"height":1750,"url":"https:\/\/supreme-kits.com\/wp-content\/uploads\/2023\/11\/orion-test.png","type":"image\/png"}],"twitter_card":"summary_large_image","twitter_misc":{"Est. reading time":"1 minute"},"schema":{"@context":"https:\/\/schema.org","@graph":[{"@type":"WebPage","@id":"https:\/\/supreme-kits.com\/produit\/orion-free-kit","url":"https:\/\/supreme-kits.com\/produit\/orion-free-kit","name":"Orion (Free Drum Collection) - Supreme Kits","isPartOf":{"@id":"https:\/\/supreme-kits.com\/#website"},"primaryImageOfPage":{"@id":"https:\/\/supreme-kits.com\/produit\/orion-free-kit#primaryimage"},"image":{"@id":"https:\/\/supreme-kits.com\/produit\/orion-free-kit#primaryimage"},"thumbnailUrl":"https:\/\/i0.wp.com\/supreme-kits.com\/wp-content\/uploads\/2023\/11\/orion-test.png?fit=2000%2C1750&ssl=1","datePublished":"2023-11-14T10:32:42+00:00","dateModified":"2023-11-14T10:32:44+00:00","breadcrumb":{"@id":"https:\/\/supreme-kits.com\/produit\/orion-free-kit#breadcrumb"},"inLanguage":"en-US","potentialAction":[{"@type":"ReadAction","target":["https:\/\/supreme-kits.com\/produit\/orion-free-kit"]}]},{"@type":"ImageObject","inLanguage":"en-US","@id":"https:\/\/supreme-kits.com\/produit\/orion-free-kit#primaryimage","url":"https:\/\/i0.wp.com\/supreme-kits.com\/wp-content\/uploads\/2023\/11\/orion-test.png?fit=2000%2C1750&ssl=1","contentUrl":"https:\/\/i0.wp.com\/supreme-kits.com\/wp-content\/uploads\/2023\/11\/orion-test.png?fit=2000%2C1750&ssl=1","width":2000,"height":1750},{"@type":"BreadcrumbList","@id":"https:\/\/supreme-kits.com\/produit\/orion-free-kit#breadcrumb","itemListElement":[{"@type":"ListItem","position":1,"name":"Accueil","item":"https:\/\/supreme-kits.com\/"},{"@type":"ListItem","position":2,"name":"Boutique","item":"https:\/\/supreme-kits.com\/boutique"},{"@type":"ListItem","position":3,"name":"Orion (Free Drum Collection)"}]},{"@type":"WebSite","@id":"https:\/\/supreme-kits.com\/#website","url":"https:\/\/supreme-kits.com\/","name":"Supreme Kits","description":"","potentialAction":[{"@type":"SearchAction","target":{"@type":"EntryPoint","urlTemplate":"https:\/\/supreme-kits.com\/?s={search_term_string}"},"query-input":{"@type":"PropertyValueSpecification","valueRequired":true,"valueName":"search_term_string"}}],"inLanguage":"en-US"}]}},"jetpack_sharing_enabled":true,"_links":{"self":[{"href":"https:\/\/supreme-kits.com\/en\/wp-json\/wp\/v2\/product\/1316","targetHints":{"allow":["GET"]}}],"collection":[{"href":"https:\/\/supreme-kits.com\/en\/wp-json\/wp\/v2\/product"}],"about":[{"href":"https:\/\/supreme-kits.com\/en\/wp-json\/wp\/v2\/types\/product"}],"replies":[{"embeddable":true,"href":"https:\/\/supreme-kits.com\/en\/wp-json\/wp\/v2\/comments?post=1316"}],"wp:featuredmedia":[{"embeddable":true,"href":"https:\/\/supreme-kits.com\/en\/wp-json\/wp\/v2\/media\/1315"}],"wp:attachment":[{"href":"https:\/\/supreme-kits.com\/en\/wp-json\/wp\/v2\/media?parent=1316"}],"wp:term":[{"taxonomy":"product_brand","embeddable":true,"href":"https:\/\/supreme-kits.com\/en\/wp-json\/wp\/v2\/product_brand?post=1316"},{"taxonomy":"product_cat","embeddable":true,"href":"https:\/\/supreme-kits.com\/en\/wp-json\/wp\/v2\/product_cat?post=1316"},{"taxonomy":"product_tag","embeddable":true,"href":"https:\/\/supreme-kits.com\/en\/wp-json\/wp\/v2\/product_tag?post=1316"}],"curies":[{"name":"wp","href":"https:\/\/api.w.org\/{rel}","templated":true}]}}